{"id":1928,"date":"2025-10-02T12:02:33","date_gmt":"2025-10-02T12:02:33","guid":{"rendered":"https:\/\/veggie-sucht-veggie.de\/magazin\/?page_id=1928"},"modified":"2025-10-02T12:03:30","modified_gmt":"2025-10-02T12:03:30","slug":"alicia-schlienz","status":"publish","type":"page","link":"https:\/\/veggie-sucht-veggie.de\/magazin\/alicia-schlienz\/","title":{"rendered":"Alicia Schlienz \u2013 Autorin &#038; Magazin-Gestaltung"},"content":{"rendered":"<article id=\"autor-alicia-schlienz\">\n  <!-- Optional: Portr\u00e4t einf\u00fcgen --><br \/>\n  <!-- <img decoding=\"async\" src=\"DEIN_BILD_URL\" alt=\"Alicia Schlienz\" width=\"300\" height=\"300\"> --><\/p>\n<p>Alicia Schlienz ist mehrfache #1-Bestseller-Autorin und unterst\u00fctzt das Magazin von <strong>veggie-sucht-veggie.de<\/strong> mit Artikeln, Rezepten und redaktioneller Mitarbeit. Seit mehreren Jahren begleitet sie Menschen dabei, ihre Geschichten sichtbar zu machen \u2013 diese Haltung \u00fcbertr\u00e4gt sie auch aufs Online-Dating: authentisch bleiben, klar kommunizieren, Schritt f\u00fcr Schritt Vertrauen aufbauen.<\/p>\n<div id=\"ez-toc-container\" class=\"ez-toc-v2_0_82_2 counter-hierarchy ez-toc-counter ez-toc-transparent ez-toc-container-direction\">\n<div class=\"ez-toc-title-container\">\n<p class=\"ez-toc-title\" style=\"cursor:inherit\">Inhalt<\/p>\n<span class=\"ez-toc-title-toggle\"><a href=\"#\" class=\"ez-toc-pull-right ez-toc-btn ez-toc-btn-xs ez-toc-btn-default ez-toc-toggle\" aria-label=\"Toggle Table of Content\"><span class=\"ez-toc-js-icon-con\"><span class=\"\"><span class=\"eztoc-hide\" style=\"display:none;\">Toggle<\/span><span class=\"ez-toc-icon-toggle-span\"><svg style=\"fill: #999;color:#999\" xmlns=\"http:\/\/www.w3.org\/2000\/svg\" class=\"list-377408\" width=\"20px\" height=\"20px\" viewBox=\"0 0 24 24\" fill=\"none\"><path d=\"M6 6H4v2h2V6zm14 0H8v2h12V6zM4 11h2v2H4v-2zm16 0H8v2h12v-2zM4 16h2v2H4v-2zm16 0H8v2h12v-2z\" fill=\"currentColor\"><\/path><\/svg><svg style=\"fill: #999;color:#999\" class=\"arrow-unsorted-368013\" xmlns=\"http:\/\/www.w3.org\/2000\/svg\" width=\"10px\" height=\"10px\" viewBox=\"0 0 24 24\" version=\"1.2\" baseProfile=\"tiny\"><path d=\"M18.2 9.3l-6.2-6.3-6.2 6.3c-.2.2-.3.4-.3.7s.1.5.3.7c.2.2.4.3.7.3h11c.3 0 .5-.1.7-.3.2-.2.3-.5.3-.7s-.1-.5-.3-.7zM5.8 14.7l6.2 6.3 6.2-6.3c.2-.2.3-.5.3-.7s-.1-.5-.3-.7c-.2-.2-.4-.3-.7-.3h-11c-.3 0-.5.1-.7.3-.2.2-.3.5-.3.7s.1.5.3.7z\"\/><\/svg><\/span><\/span><\/span><\/a><\/span><\/div>\n<nav><ul class='ez-toc-list ez-toc-list-level-1 ' ><li class='ez-toc-page-1 ez-toc-heading-level-3'><a class=\"ez-toc-link ez-toc-heading-1\" href=\"https:\/\/veggie-sucht-veggie.de\/magazin\/alicia-schlienz\/#Fokus_auf_vegetarische_vegane_Singles\" >Fokus auf vegetarische &#038; vegane Singles<\/a><\/li><li class='ez-toc-page-1 ez-toc-heading-level-3'><a class=\"ez-toc-link ez-toc-heading-2\" href=\"https:\/\/veggie-sucht-veggie.de\/magazin\/alicia-schlienz\/#Was_Leser_innen_erwarten_koennen\" >Was Leser:innen erwarten k\u00f6nnen<\/a><\/li><li class='ez-toc-page-1 ez-toc-heading-level-3'><a class=\"ez-toc-link ez-toc-heading-3\" href=\"https:\/\/veggie-sucht-veggie.de\/magazin\/alicia-schlienz\/#Mehr_ueber_Alicia\" >Mehr \u00fcber Alicia<\/a><\/li><\/ul><\/nav><\/div>\n<h3><span class=\"ez-toc-section\" id=\"Fokus_auf_vegetarische_vegane_Singles\"><\/span>Fokus auf vegetarische &#038; vegane Singles<span class=\"ez-toc-section-end\"><\/span><\/h3>\n<p>Auf <a href=\"https:\/\/veggie-sucht-veggie.de\" target=\"_blank\" rel=\"noopener\">veggie-sucht-veggie.de<\/a> verbindet Alicia Inhalte zu nachhaltigem Lebensstil mit praxisnahen Tipps f\u00fcr die Partnersuche. Ihre Beitr\u00e4ge reichen von Rezeptideen f\u00fcr erste Koch-Dates \u00fcber Profil- und Foto-Tipps bis hin zu Leitf\u00e4den f\u00fcr respektvollen Austausch in der Community.<\/p>\n<h3><span class=\"ez-toc-section\" id=\"Was_Leser_innen_erwarten_koennen\"><\/span>Was Leser:innen erwarten k\u00f6nnen<span class=\"ez-toc-section-end\"><\/span><\/h3>\n<ul>\n<li>Ratgeberartikel rund um authentische Profilgestaltung &#038; Kommunikation<\/li>\n<li>Rezepte &#038; Date-Ideen f\u00fcr Veggie-Matches<\/li>\n<li>Magazin-Konzeption, Themenplanung &#038; redaktionelle Qualit\u00e4tssicherung<\/li>\n<li>Impulse zu Achtsamkeit, Nachhaltigkeit und gemeinsamen Werten<\/li>\n<\/ul>\n<h3><span class=\"ez-toc-section\" id=\"Mehr_ueber_Alicia\"><\/span>Mehr \u00fcber Alicia<span class=\"ez-toc-section-end\"><\/span><\/h3>\n<ul>\n<li><a href=\"https:\/\/aliciaschlienz.com\/\" target=\"_blank\" rel=\"noopener\">Offizielle Website<\/a><\/li>\n<li><a href=\"https:\/\/www.linkedin.com\/in\/aliciaschlienz\/\" target=\"_blank\" rel=\"noopener\">LinkedIn-Profil<\/a><\/li>\n<li><a href=\"https:\/\/www.amazon.de\/stores\/Alicia-Schlienz\/author\/B09QHM3XFZ\" target=\"_blank\" rel=\"noopener\">Autorinnen-Seite bei Amazon<\/a><\/li>\n<\/ul>\n<p>  <!-- Optionaler Transparenzhinweis \u2013 falls gew\u00fcnscht --><br \/>\n  <!-- \n\n<p><strong>Transparenz:<\/strong> Alicia wirkt redaktionell und als Autorin im Magazin mit. Der Plattformbetrieb (Technik, Datenschutz, Recht) liegt beim Betreiber der Website.<\/p>\n\n --><br \/>\n<\/article>\n","protected":false},"excerpt":{"rendered":"<p>Alicia Schlienz ist mehrfache #1-Bestseller-Autorin und unterst\u00fctzt das Magazin von veggie-sucht-veggie.de mit Artikeln, Rezepten und redaktioneller Mitarbeit. Seit mehreren Jahren begleitet sie Menschen dabei, ihre<\/p>\n","protected":false},"author":1,"featured_media":0,"parent":0,"menu_order":0,"comment_status":"closed","ping_status":"closed","template":"","meta":{"footnotes":""},"class_list":["post-1928","page","type-page","status-publish","hentry"],"aioseo_notices":[],"_links":{"self":[{"href":"https:\/\/veggie-sucht-veggie.de\/magazin\/wp-json\/wp\/v2\/pages\/1928","targetHints":{"allow":["GET"]}}],"collection":[{"href":"https:\/\/veggie-sucht-veggie.de\/magazin\/wp-json\/wp\/v2\/pages"}],"about":[{"href":"https:\/\/veggie-sucht-veggie.de\/magazin\/wp-json\/wp\/v2\/types\/page"}],"author":[{"embeddable":true,"href":"https:\/\/veggie-sucht-veggie.de\/magazin\/wp-json\/wp\/v2\/users\/1"}],"replies":[{"embeddable":true,"href":"https:\/\/veggie-sucht-veggie.de\/magazin\/wp-json\/wp\/v2\/comments?post=1928"}],"version-history":[{"count":1,"href":"https:\/\/veggie-sucht-veggie.de\/magazin\/wp-json\/wp\/v2\/pages\/1928\/revisions"}],"predecessor-version":[{"id":1929,"href":"https:\/\/veggie-sucht-veggie.de\/magazin\/wp-json\/wp\/v2\/pages\/1928\/revisions\/1929"}],"wp:attachment":[{"href":"https:\/\/veggie-sucht-veggie.de\/magazin\/wp-json\/wp\/v2\/media?parent=1928"}],"curies":[{"name":"wp","href":"https:\/\/api.w.org\/{rel}","templated":true}]}}